{"id":99,"date":"2014-11-23T01:24:38","date_gmt":"2014-11-23T01:24:38","guid":{"rendered":"http:\/\/fgriot.net\/ontrace\/?page_id=99"},"modified":"2024-08-21T14:41:47","modified_gmt":"2024-08-21T14:41:47","slug":"textes","status":"publish","type":"page","link":"https:\/\/www.fgriot.net\/ontrace\/textes\/","title":{"rendered":"textes, photos"},"content":{"rendered":"<h3 style=\"text-align: justify;\"><span style=\"color: #045068;\"><a href=\"https:\/\/www.fgriot.net\/ontrace\/wp-content\/uploads\/2015\/11\/Z7A4821.jpg\"><img loading=\"lazy\" decoding=\"async\" class=\"wp-image-681 alignnone\" src=\"https:\/\/www.fgriot.net\/ontrace\/wp-content\/uploads\/2015\/11\/Z7A4821.jpg\" alt=\"_Z7A4821\" width=\"421\" height=\"281\" srcset=\"https:\/\/www.fgriot.net\/ontrace\/wp-content\/uploads\/2015\/11\/Z7A4821.jpg 900w, https:\/\/www.fgriot.net\/ontrace\/wp-content\/uploads\/2015\/11\/Z7A4821-300x200.jpg 300w\" sizes=\"(max-width: 421px) 100vw, 421px\" \/><\/a><br \/>\n1. ...<\/span><\/h3>\n<p><em>\u2026<\/em><\/p>\n<h3 style=\"text-align: justify;\"><span style=\"color: #045068;\"><a href=\"https:\/\/www.fgriot.net\/ontrace\/wp-content\/uploads\/2015\/11\/Z7A4799.jpg\"><img loading=\"lazy\" decoding=\"async\" class=\" wp-image-678 alignnone\" src=\"https:\/\/www.fgriot.net\/ontrace\/wp-content\/uploads\/2015\/11\/Z7A4799.jpg\" alt=\"_Z7A4799\" width=\"420\" height=\"280\" srcset=\"https:\/\/www.fgriot.net\/ontrace\/wp-content\/uploads\/2015\/11\/Z7A4799.jpg 900w, https:\/\/www.fgriot.net\/ontrace\/wp-content\/uploads\/2015\/11\/Z7A4799-300x200.jpg 300w\" sizes=\"(max-width: 420px) 100vw, 420px\" \/><\/a><br \/>\n2. d\u2019abord<\/span><\/h3>\n<p><em>d\u2019abord<\/em><\/p>\n<p><em>d\u2019abord<\/em><br \/>\n<em> on vit.<\/em><\/p>\n<p><em>palpite.<\/em><\/p>\n<p><em>on marche on vit on respire.<\/em><br \/>\n<em> on trace notre ligne comme on peut.<\/em><\/p>\n<p><em>ensuite<\/em><br \/>\n<em> ensuite on sait.<\/em><br \/>\n<em> qu\u2019on marche qu\u2019on vit qu\u2019on respire<\/em><br \/>\n<em> dans le flux la dur\u00e9e.<\/em><br \/>\n<em> qu\u2019on bouge<\/em><br \/>\n<em> qu\u2019on est<\/em><\/p>\n<p><em>qu\u2019on traverse<\/em><br \/>\n<em> seulement.<\/em><\/p>\n<p><em>\u2026<\/em><\/p>\n<p><em>d\u2019abord<\/em><br \/>\n<em> d\u2019abord<\/em><br \/>\n<em> on marche on trace<\/em><br \/>\n<em> et les choses approchent\u2026<\/em><\/p>\n<h3 style=\"text-align: justify;\"><span style=\"color: #045068;\"><a href=\"https:\/\/www.fgriot.net\/ontrace\/wp-content\/uploads\/2015\/11\/Z7A4670.jpg\"><img loading=\"lazy\" decoding=\"async\" class=\"wp-image-675 alignnone\" src=\"https:\/\/www.fgriot.net\/ontrace\/wp-content\/uploads\/2015\/11\/Z7A4670.jpg\" alt=\"_Z7A4670\" width=\"421\" height=\"280\" srcset=\"https:\/\/www.fgriot.net\/ontrace\/wp-content\/uploads\/2015\/11\/Z7A4670.jpg 900w, https:\/\/www.fgriot.net\/ontrace\/wp-content\/uploads\/2015\/11\/Z7A4670-300x200.jpg 300w\" sizes=\"(max-width: 421px) 100vw, 421px\" \/><\/a><br \/>\n3. les choses vont avec les choses viennent<br \/>\n<\/span><\/h3>\n<p><em>avec les choses devant autour tout autour avec les choses l\u00e0 qui nous avec les choses on entend les choses qui avec les choses [\u2026] oui<br \/>\navec les choses devant autour tout autour les choses sont si petites les choses sont si puissantes devant tout autour [\u2026] oui<\/em><\/p>\n<p style=\"padding-left: 30px;\"><em>il existe ce moment il existe ce moment o\u00f9 on voit les choses<\/em><br \/>\n<em> les choses vont avec les choses viennent<\/em><\/p>\n<p><em> les choses avec les choses vont les choses avec les choses viennent les choses avec les choses autour tout autour les choses avec les choses qui nous traversent les choses avec les choses qui nous poussent<\/em><br \/>\n<em> les choses avec les choses qui les choses sont pourtant avec les choses parmi les choses qui me [\u2026] oui<\/em><\/p>\n<p style=\"padding-left: 30px;\"><em> les choses vont avec les choses viennent<\/em><br \/>\n<em> il existe ce moment il existe ce moment o\u00f9 on voit les choses<\/em><\/p>\n<p><em>les choses tout autour qui nous et puis les choses qui nous tournent nous gambergent les choses dans le dedans qui nous bouffent et les choses qui nous finissent<\/em><br \/>\n<em> on entend les choses et les choses tout autour sont les choses tout autour sont pour nous des les choses tout autour et nous tout petits si petits l\u00e0 au milieu des choses [\u2026] si peu<\/em><\/p>\n<p style=\"padding-left: 30px;\"><em> les choses vont avec les choses viennent<\/em><br \/>\n<em> il existe ce moment il existe ce moment o\u00f9 on voit les choses<\/em><\/p>\n<p><em>on entend les choses comme \u00e7a on entend les choses comme ci on entend les choses et les choses nous entendent peut-\u00eatre [\u2026] aussi on se prom\u00e8ne avec les choses et les choses approchent on passe avec les choses et les choses sont c\u2019est tout [\u2026] oui<\/em><br \/>\n<em> on porte un regard sur les choses qui vont viennent un regard recul\u00e9 des choses un regard d\u00e9gag\u00e9 des choses non impossible chose d\u2019\u00eatre d\u00e9gag\u00e9 [\u2026] des choses<\/em><\/p>\n<p style=\"padding-left: 30px;\"><em>il existe ce moment il existe ce moment o\u00f9 on voit les choses<\/em><br \/>\n<em> elles vont viennent<\/em><br \/>\n<em> elles vont avec les choses viennent<\/em><\/p>\n<h3 style=\"text-align: justify;\"><span style=\"color: #045068;\"><a href=\"https:\/\/www.fgriot.net\/ontrace\/wp-content\/uploads\/2015\/11\/Z7A4671.jpg\"><img loading=\"lazy\" decoding=\"async\" class=\"wp-image-676 alignnone\" src=\"https:\/\/www.fgriot.net\/ontrace\/wp-content\/uploads\/2015\/11\/Z7A4671.jpg\" alt=\"_Z7A4671\" width=\"420\" height=\"280\" srcset=\"https:\/\/www.fgriot.net\/ontrace\/wp-content\/uploads\/2015\/11\/Z7A4671.jpg 900w, https:\/\/www.fgriot.net\/ontrace\/wp-content\/uploads\/2015\/11\/Z7A4671-300x200.jpg 300w\" sizes=\"(max-width: 420px) 100vw, 420px\" \/><\/a><br \/>\n4. on\u00a0 trace<br \/>\n<\/span><\/h3>\n<p><em>on est l\u00e0. \u00e0 tracer la ligne. \u00e0 tracer comme des fous sur la ligne de trace. \u00e0 avancer l\u00e0 sur la ligne de trace. on ne suit pas. on trace. on avance comme des fous selon une ligne qui se trace. inusable. ind\u00e9viable. sans pens\u00e9e. on ne suit pas. on avance. on fait la trace. on avance sous les nuages. on fait la trace sous le ciel et les nuages. on trace \u00e0 pied la ligne inusable sur le sol. sur le sol sur la terre sous le ciel les nuages. on trace. on est l\u00e0 \u00e0 tracer. \u00e0 faire ce que l\u2019on a \u00e0 faire sans s\u2019encombrer. on trace sans s\u2019encombrer sous les nuages. on trace. on trace encore sous les nuages sur le sol notre ligne de trace. on trace sans s\u2019encombrer d\u00e9cid\u00e9s sous les nuages qui tracent. on trace encore. on avance sur la ligne des nuages. sur la ligne de trace des nuages sur le sol. sur la ligne de trace des nuages qui courent sur le sol. qui tracent. qui tracent sur le sol leur ligne de nuages.<\/em><\/p>\n<p><em>on trace avec notre viande notre chemin. notre bout de chemin. on trace tendrement avec notre viande notre bout de chemin. avec notre viande tendre. avec notre tendre viande on trace notre chemin sous les nuages. les nuages blancs.<\/em><\/p>\n<p><em>sous les nuages blancs nos carcasses tendres tracent lentement dans la vieillesse. nos carcasses grincent dans la lenteur lentement. nos carcasses grincent de jour en jour un peu plus dans la lenteur. de plus en plus tra\u00eenantes nos veilles carcasses raient l\u2019espace. traversent. traversent l\u2019espace. calmes. sereines. peu \u00e0 peu de plus en plus lentes sereines. nos lentes carcasses passantes. nos lentes carcasses tendres. nos lentes carcasses tendres passantes sous les nuages.<\/em><\/p>\n<p><em>on est juste. on est juste l\u00e0 \u00e0 rien d\u2019autre qu\u2019\u00e0 tracer notre trace. notre trace qui se perd se dilue. se dilue \u00e9ph\u00e9m\u00e8re sous les cotonneux nuages. une trace. \u00e0 peine une trace. une trace \u00e9ph\u00e9m\u00e8re dans le sillage silencieux des nuages. une trace qui se perd passe s\u2019efface sous les nuages. les grands et cotonneux nuages blancs.<\/em><\/p>\n<p><em>on est l\u00e0. on est l\u00e0 allong\u00e9s. on regarde les nuages. juste on regarde les nuages. on regarde juste. allong\u00e9s. les nuages et la pluie. la pluie tomb\u00e9e forte cette nuit. cette nuit et tout le matin. toute trace s\u2019efface peu \u00e0 peu. la lumi\u00e8re. on regarde juste la lumi\u00e8re. on regarde juste allong\u00e9s la lumi\u00e8re. on regarde les nuages. les cotonneux nuages. les cotonneux nuages blancs.<\/em><\/p>\n<h3 style=\"text-align: justify;\"><span style=\"color: #045068;\"><a href=\"https:\/\/www.fgriot.net\/ontrace\/wp-content\/uploads\/2015\/11\/Z7A4842.jpg\"><img loading=\"lazy\" decoding=\"async\" class=\"wp-image-682 alignnone\" src=\"https:\/\/www.fgriot.net\/ontrace\/wp-content\/uploads\/2015\/11\/Z7A4842.jpg\" alt=\"_Z7A4842\" width=\"420\" height=\"280\" srcset=\"https:\/\/www.fgriot.net\/ontrace\/wp-content\/uploads\/2015\/11\/Z7A4842.jpg 900w, https:\/\/www.fgriot.net\/ontrace\/wp-content\/uploads\/2015\/11\/Z7A4842-300x200.jpg 300w\" sizes=\"(max-width: 420px) 100vw, 420px\" \/><\/a><br \/>\n5. nous ne nous tairons pas<br \/>\n<\/span><\/h3>\n<p><em>chairs corps<\/em><br \/>\n<em> fr\u00e8res communs,<\/em><br \/>\n<em> comme disait l'autre, presque,<\/em><br \/>\n<em> qui avec nous vivez<\/em><br \/>\n<em> et apr\u00e8s nous vivrez encore<\/em><br \/>\n<em> nous qui passons seulement<\/em><br \/>\n<em> sur cette petite boule<\/em><br \/>\n<em> bleue<\/em><br \/>\n<em> de terre cuite d\u2019air et d\u2019eau<\/em><br \/>\n<em> nous qui glissons<\/em><br \/>\n<em> dans ce tempo tempo<\/em><br \/>\n<em> tempo lent<\/em><br \/>\n<em> soumis soumis<\/em><br \/>\n<em> au temps<\/em><br \/>\n<em> nous<\/em><br \/>\n<em> nous ne nous<\/em><br \/>\n<em> tairons pas.<\/em><\/p>\n<p><em>dans ce laps<\/em><br \/>\n<em> imparti<\/em><br \/>\n<em> o\u00f9 nous cheminons<\/em><br \/>\n<em> \u00e9cras\u00e9s<\/em><br \/>\n<em> par des forces<\/em><br \/>\n<em> qui nous sont<\/em><br \/>\n<em> sup\u00e9rieures<\/em><br \/>\n<em> nous sommes pourtant pourtant libres<\/em><br \/>\n<em> libres un peu.<\/em><\/p>\n<p><em>il est temps<\/em><br \/>\n<em> il a toujours \u00e9t\u00e9 temps<\/em><br \/>\n<em> nous qui dans ce bref moment<\/em><br \/>\n<em> tant de traces laissons<\/em><br \/>\n<em> il en est une encore<\/em><br \/>\n<em> qu\u2019il a toujours \u00e9t\u00e9<\/em><br \/>\n<em> temps de tout temps<\/em><br \/>\n<em> de porter :<\/em><br \/>\n<em> notre ligne, libre.<\/em><br \/>\n<em> nous ne nous tairons pas.<\/em><\/p>\n<p><em>des lign\u00e9es de morts<\/em><br \/>\n<em> des tas de morts<\/em><br \/>\n<em> nous \u00e9coutent<\/em><br \/>\n<em> et nous appellent en silence.<\/em><br \/>\n<em> sur les plateaux<\/em><br \/>\n<em> hauts plateaux de maquis<\/em><br \/>\n<em> on trouve<\/em><br \/>\n<em> les tombes<\/em><br \/>\n<em> de ceux crev\u00e9s<\/em><br \/>\n<em> qui v\u00e9curent puis moururent<\/em><br \/>\n<em> pour que nous puissions<\/em><br \/>\n<em> puissions \u00eatre<\/em><br \/>\n<em> affranchis<\/em><br \/>\n<em> en leurs noms<\/em><br \/>\n<em> en leur ascendance<\/em><br \/>\n<em> milliers de morts qui avant nous avez v\u00e9cu<\/em><br \/>\n<em> milliers de morts fr\u00e8res humains<\/em><br \/>\n<em> qui avec nous vivez encore<\/em><br \/>\n<em> nous<\/em><br \/>\n<em> nous ne nous tairons pas.<\/em><\/p>\n<p><em>\u2026<\/em><\/p>\n<p><em>nous qui sommes pulsatifs<\/em><br \/>\n<em> pulsions pulsations<\/em><br \/>\n<em> c\u2019est l\u2019histoire du cheminement<\/em><br \/>\n<em> la ballade des locomotives v\u00e9rit\u00e9s<\/em><br \/>\n<em> que veux ici tenter.<\/em><\/p>\n<p><em>chairs corps fr\u00e8res humains<\/em><br \/>\n<em> vous qui bruissez et vaguement palpitez<\/em><br \/>\n<em> c'est votre d\u00e9lire singulier<\/em><br \/>\n<em> que veux balbutier.<\/em><\/p>\n<p><em>rotation giration circulation<\/em><br \/>\n<em> voici votre douce stature<\/em><br \/>\n<em> qui n'est que vraie gesticulation<\/em><br \/>\n<em> rien que ballet tr\u00e8s fada<\/em><br \/>\n<em> et de l'atome d\u00e9j\u00e0 atomique promenure.<\/em><\/p>\n<p><em>\u00e7a fait nombre gens tout \u00e7a<\/em><br \/>\n<em> aval\u00e9s par sentiments.<\/em><br \/>\n<em> muscles avant bien courants... puis gisant envers...<\/em><br \/>\n<em> sangs rigodant<\/em><br \/>\n<em> puis chus.<\/em><\/p>\n<p><em>\u2026<\/em><\/p>\n<p><em>et c\u2019est ensuite une toute petite chose encore.<\/em><br \/>\n<em> qui murmure. palpite.<\/em><br \/>\n<em> pulse.<\/em><br \/>\n<em> tr\u00e9mousse.<\/em><br \/>\n<em> et que la dur\u00e9e lentement dissout<\/em><br \/>\n<em> encore.<\/em><\/p>\n<p><em>la rythmique des jours des nuits<\/em><br \/>\n<em> le flux la frise continue<\/em><br \/>\n<em> les courts circuits et les longues routes<\/em><br \/>\n<em> le tempo tempo lent<\/em><br \/>\n<em> des forces ext\u00e9rieures<\/em><br \/>\n<em> travaillent<\/em><br \/>\n<em> travaillent nos corps<\/em><br \/>\n<em> mais nous ne nous tairons pas.<\/em><\/p>\n<p><em>chairs corps fr\u00e8res humains<\/em><br \/>\n<em> nous qui passons seulement<\/em><br \/>\n<em> sommes pourtant libres un peu<\/em><br \/>\n<em> et palpite tout autant<\/em><br \/>\n<em> cette petite voix lancinante :<\/em><br \/>\n<em> suivre ligne libre. que \u00e7a.<\/em><\/p>\n<p><a href=\"https:\/\/www.fgriot.net\/ontrace\/wp-content\/uploads\/2015\/07\/IMG_8054.jpg\"><img loading=\"lazy\" decoding=\"async\" class=\"alignnone wp-image-389 \" src=\"https:\/\/www.fgriot.net\/ontrace\/wp-content\/uploads\/2015\/07\/IMG_8054-300x225.jpg\" alt=\"\" width=\"419\" height=\"314\" srcset=\"https:\/\/www.fgriot.net\/ontrace\/wp-content\/uploads\/2015\/07\/IMG_8054-300x225.jpg 300w, https:\/\/www.fgriot.net\/ontrace\/wp-content\/uploads\/2015\/07\/IMG_8054.jpg 1000w\" sizes=\"(max-width: 419px) 100vw, 419px\" \/><\/a><\/p>\n<h3 style=\"text-align: justify;\"><span style=\"color: #3366ff;\"><br \/>\n<span style=\"color: #515b7a;\">6. suffit<\/span><br \/>\n<\/span><\/h3>\n<p><em>et puis<\/em><br \/>\n<em> et puis<\/em><br \/>\n<em> juste aller s\u2019asseoir dehors<\/em><br \/>\n<em> et ne rien faire.<\/em><br \/>\n<em> regarder le soir venir.<\/em><br \/>\n<em> sentir la terre tourner. tourner avec.<\/em><\/p>\n<p><em>*<\/em><\/p>\n<p><em>le silence dehors. suffit. suffit.<\/em><br \/>\n<em> \u00e9couter dehors fait du silence dedans.<\/em><br \/>\n<em> suffit.<\/em><\/p>\n<p><em>apr\u00e8s tr\u00e8s hauts moments. l\u2019\u00e9nergie descendue. en bas. \u00e0 plat. mais l\u00e0 aussi que \u00e7a recharge. \u00e0 l\u2019abri. \u00e0 l\u2019ombre. au creux. l\u00e0 aussi que \u00e7a revient au centre. \u00e0 l\u2019irr\u00e9ductible. arriver l\u00e0. o\u00f9 plus possible de dire autre chose ou autrement. arriver \u00e0 ce reste l\u00e0. ce reste. \u00e0 ne plus r\u00e9duire.<\/em><\/p>\n<p><em>*<\/em><\/p>\n<p><em>et dans le flux heure et au devant. sans bord.<\/em><\/p>\n<p><em>et sans du silence. c\u2019est du silence encore.<\/em><\/p>\n<p><em>*<\/em><\/p>\n<p><em>maigre. rien. de peu. plus de mots. sans.<\/em><\/p>\n<p><em>*<\/em><\/p>\n<p><em>reste silence. silence au bout. au final.<\/em><\/p>\n<p><em>jusqu\u2019o\u00f9 quand possible encore dire encore.<\/em><br \/>\n<em> essayer de la fermer. essayer encore.<\/em><\/p>\n<p><em>*<\/em><\/p>\n<p><em>sais pas. pas finir arr\u00eater. rien.<\/em><br \/>\n<em> plus de je. o\u00f9 aller encore. oui.<\/em><\/p>\n<h3 style=\"text-align: justify;\"><span style=\"color: #045068;\"><a href=\"https:\/\/www.fgriot.net\/ontrace\/wp-content\/uploads\/2015\/11\/Z7A4806.jpg\"><img loading=\"lazy\" decoding=\"async\" class=\"wp-image-680 alignnone\" src=\"https:\/\/www.fgriot.net\/ontrace\/wp-content\/uploads\/2015\/11\/Z7A4806.jpg\" alt=\"_Z7A4806\" width=\"419\" height=\"279\" srcset=\"https:\/\/www.fgriot.net\/ontrace\/wp-content\/uploads\/2015\/11\/Z7A4806.jpg 900w, https:\/\/www.fgriot.net\/ontrace\/wp-content\/uploads\/2015\/11\/Z7A4806-300x200.jpg 300w\" sizes=\"(max-width: 419px) 100vw, 419px\" \/><\/a><br \/>\n7. voil\u00e0 c'est fait<br \/>\n<\/span><\/h3>\n<p><em>voil\u00e0.<\/em><br \/>\n<em> voil\u00e0. c\u2019est fait.<\/em><br \/>\n<em> je ne parle plus.<\/em><br \/>\n<em> deux trois mots seuls<\/em><br \/>\n<em> suffiraient suffiraient.<\/em><br \/>\n<em> j\u2019ai tent\u00e9 de dire.<\/em><br \/>\n<em> de parler clair.<\/em><\/p>\n<p><em>tant bien que mal.<\/em><\/p>\n<p><em>bref.<\/em><\/p>\n<p><em>voil\u00e0. c\u2019est fait. j\u2019ai dit.<\/em><\/p>\n<p><em>maintenant maintenant juste \u00e9couter.<\/em><br \/>\n<em> juste tracer.<\/em><\/p>\n<p><em>entrer lentement lentement lentement dans la nuit<\/em><br \/>\n<em> de cette petite boule chair, terre et bleue.<\/em><\/p>\n<p><em>*<\/em><\/p>\n<p><em>la nuit.<\/em><\/p>\n<p><em>la grande nuit<\/em><br \/>\n<em> noire.<\/em><\/p>\n<p><em>les \u00e9toiles.<\/em><\/p>\n<p><em>\u00e7a continue.<\/em><\/p>\n<h3 style=\"text-align: justify;\"><span style=\"color: #045068;\"><a href=\"https:\/\/www.fgriot.net\/ontrace\/wp-content\/uploads\/2015\/11\/Z7A4802.jpg\"><img loading=\"lazy\" decoding=\"async\" class=\"wp-image-679 alignnone\" src=\"https:\/\/www.fgriot.net\/ontrace\/wp-content\/uploads\/2015\/11\/Z7A4802.jpg\" alt=\"_Z7A4802\" width=\"421\" height=\"281\" srcset=\"https:\/\/www.fgriot.net\/ontrace\/wp-content\/uploads\/2015\/11\/Z7A4802.jpg 900w, https:\/\/www.fgriot.net\/ontrace\/wp-content\/uploads\/2015\/11\/Z7A4802-300x200.jpg 300w\" sizes=\"(max-width: 421px) 100vw, 421px\" \/><\/a><br \/>\n8. titre ni rien<br \/>\n<\/span><\/h3>\n<p><em>voil\u00e0<br \/>\nc'est fait.<br \/>\nainsi<br \/>\non trace.<br \/>\n<\/em><\/p>\n<p>&nbsp;<\/p>\n<p>&nbsp;<\/p>\n<p style=\"text-align: right;\"><em>\u00a9 fred griot<\/em><\/p>\n<p>&nbsp;<\/p>\n","protected":false},"excerpt":{"rendered":"<p class=\"continue-reading-button\"> <a class=\"continue-reading-link\" href=\"https:\/\/www.fgriot.net\/ontrace\/textes\/\"><i class=\"crycon-right-dir\"><\/i><\/a><\/p>\n","protected":false},"author":2,"featured_media":0,"parent":0,"menu_order":0,"comment_status":"closed","ping_status":"open","template":"","meta":{"footnotes":""},"class_list":["post-99","page","type-page","status-publish","hentry"],"_links":{"self":[{"href":"https:\/\/www.fgriot.net\/ontrace\/wp-json\/wp\/v2\/pages\/99"}],"collection":[{"href":"https:\/\/www.fgriot.net\/ontrace\/wp-json\/wp\/v2\/pages"}],"about":[{"href":"https:\/\/www.fgriot.net\/ontrace\/wp-json\/wp\/v2\/types\/page"}],"author":[{"embeddable":true,"href":"https:\/\/www.fgriot.net\/ontrace\/wp-json\/wp\/v2\/users\/2"}],"replies":[{"embeddable":true,"href":"https:\/\/www.fgriot.net\/ontrace\/wp-json\/wp\/v2\/comments?post=99"}],"version-history":[{"count":53,"href":"https:\/\/www.fgriot.net\/ontrace\/wp-json\/wp\/v2\/pages\/99\/revisions"}],"predecessor-version":[{"id":1007,"href":"https:\/\/www.fgriot.net\/ontrace\/wp-json\/wp\/v2\/pages\/99\/revisions\/1007"}],"wp:attachment":[{"href":"https:\/\/www.fgriot.net\/ontrace\/wp-json\/wp\/v2\/media?parent=99"}],"curies":[{"name":"wp","href":"https:\/\/api.w.org\/{rel}","templated":true}]}}