{"id":95,"date":"2014-11-23T01:19:17","date_gmt":"2014-11-23T01:19:17","guid":{"rendered":"http:\/\/fgriot.net\/ontrace\/?page_id=95"},"modified":"2024-08-21T21:13:47","modified_gmt":"2024-08-21T21:13:47","slug":"trace-poetry-tour","status":"publish","type":"page","link":"https:\/\/www.fgriot.net\/ontrace\/trace-poetry-tour\/","title":{"rendered":"trace poetry tour"},"content":{"rendered":"<p>&nbsp;<\/p>\n<p>Apr\u00e8s la centaine de dates dans une dizaine de pays depuis le d\u00e9but de <strong><em>parl#<\/em><\/strong>, , en solo ou trio (Paris, Lyon, Marseille, Prague, Bratislava, Budapest, Bruxelles, Qu\u00e9bec, Moscou), la trace, le cheminement se poursuivent avec la tourn\u00e9e <span style=\"color: #045068;\"><strong><em>trace <\/em>poetry tour<\/strong><\/span>.<br \/>\nCe projet de grand voyage est \u00e9videmment le pr\u00e9texte pour aller au-devant des rencontres de chemin... une continuit\u00e9 du \u00ab on trace \u00bb, du cheminement dont le disque porte t\u00e9moignage\u2026<\/p>\n<p><a href=\"http:\/\/www.fgriot.net\/infos\/agenda\/\" target=\"_blank\" rel=\"noopener noreferrer\">Dates : voir l'agenda<\/a><\/p>\n","protected":false},"excerpt":{"rendered":"<p class=\"continue-reading-button\"> <a class=\"continue-reading-link\" href=\"https:\/\/www.fgriot.net\/ontrace\/trace-poetry-tour\/\"><i class=\"crycon-right-dir\"><\/i><\/a><\/p>\n","protected":false},"author":2,"featured_media":676,"parent":0,"menu_order":0,"comment_status":"closed","ping_status":"open","template":"","meta":{"footnotes":""},"class_list":["post-95","page","type-page","status-publish","has-post-thumbnail","hentry"],"_links":{"self":[{"href":"https:\/\/www.fgriot.net\/ontrace\/wp-json\/wp\/v2\/pages\/95"}],"collection":[{"href":"https:\/\/www.fgriot.net\/ontrace\/wp-json\/wp\/v2\/pages"}],"about":[{"href":"https:\/\/www.fgriot.net\/ontrace\/wp-json\/wp\/v2\/types\/page"}],"author":[{"embeddable":true,"href":"https:\/\/www.fgriot.net\/ontrace\/wp-json\/wp\/v2\/users\/2"}],"replies":[{"embeddable":true,"href":"https:\/\/www.fgriot.net\/ontrace\/wp-json\/wp\/v2\/comments?post=95"}],"version-history":[{"count":28,"href":"https:\/\/www.fgriot.net\/ontrace\/wp-json\/wp\/v2\/pages\/95\/revisions"}],"predecessor-version":[{"id":1044,"href":"https:\/\/www.fgriot.net\/ontrace\/wp-json\/wp\/v2\/pages\/95\/revisions\/1044"}],"wp:featuredmedia":[{"embeddable":true,"href":"https:\/\/www.fgriot.net\/ontrace\/wp-json\/wp\/v2\/media\/676"}],"wp:attachment":[{"href":"https:\/\/www.fgriot.net\/ontrace\/wp-json\/wp\/v2\/media?parent=95"}],"curies":[{"name":"wp","href":"https:\/\/api.w.org\/{rel}","templated":true}]}}