{"id":692,"date":"2015-12-01T10:59:01","date_gmt":"2015-12-01T10:59:01","guid":{"rendered":"http:\/\/www.fgriot.net\/ontrace\/?page_id=692"},"modified":"2024-08-28T09:40:24","modified_gmt":"2024-08-28T09:40:24","slug":"temoignages","status":"publish","type":"page","link":"https:\/\/www.fgriot.net\/ontrace\/temoignages\/","title":{"rendered":"on trace | t\u00e9moignages"},"content":{"rendered":"<p>&nbsp;<\/p>\n<p>\u00ab Tr\u00e8s impressionn\u00e9, fort, fort, fort. Vu toutes les vid\u00e9os, souffle coup\u00e9, v\u00e9rit\u00e9 de ce travail. \u00bb<\/p>\n<p>Philippe Rahmy<\/p>\n<hr \/>\n<p style=\"text-align: justify;\"><em><br \/>\n<span style=\"color: #000000;\">\u00ab <\/span>Fred, Just wanted to say that I really enjoyed listening to your album. Really beautiful.<span style=\"color: #000000;\"> \u00bb<\/span><\/em><\/p>\n<p>Ori Bahat<br \/>\nmanager et vid\u00e9aste de <a href=\"http:\/\/www.asafavidanmusic.com\/\" target=\"_blank\" rel=\"noopener\">Asaf Avidan<\/a><\/p>\n<hr \/>\n<p style=\"text-align: justify;\"><em><span style=\"color: #000000;\">\u00ab Ne manquez pas ce superbe album de Fred Griot ! Gros coup de c\u0153ur pour ce nouveau disque + vid\u00e9os + site\u2026 Privil\u00e8ge d'\u00e9couter cela et \u00e0 d\u00e9couvrir donc sans r\u00e9serve\u2026 \u00bb<\/span><\/em><br \/>\n<span style=\"color: #000000;\"><br \/>\nDavid Giannoni<\/span><br \/>\n<span style=\"color: #000000;\"> Directeur du festival Maelstr\u00f6m de Bruxelles et de la Maison de la Po\u00e9sie d'Amay<\/span><\/p>\n<hr \/>\n<p><em>\u00ab Ce que j'ai entendu l'autre jour, les textes, l'ensemble comme \u00e7a, dits comme \u00e7a, c'est vraiment plein de sens et \u00e9mouvant et vraiment vraiment bien. Et puis les co-\u00e9quipiers l\u00e0 c'est vraiment quelqu'un chacun et c'est quelque choses d'en rencontrer des comme \u00e7a. Vraiment merci de faire des trucs pareils : c'est important. Putain quessse que c'est bien\u2026 \u00bb<\/em><\/p>\n<p>J\u00e9r\u00f4me Bouchard<\/p>\n<hr \/>\n<p style=\"text-align: justify;\"><span style=\"color: #000000;\"><em>\u00ab Bravo pour cet album, tr\u00e8s beau boulot, particuli\u00e8rement la fa\u00e7on dont le texte est d\u00e9fendu. \u00bb<\/em><\/span><br \/>\n<span style=\"color: #000000;\"><br \/>\nDenis Charolles<\/span><br \/>\n<span style=\"color: #000000;\"> Batteur et meneur de la cie Les Musiques \u00e0 Ou\u00efr<\/span><\/p>\n<hr \/>\n<p><em>\u00ab Po\u00e8te et performer, Fred Griot malaxe la langue, exp\u00e9rimente, coupe et colle. Avec l'album <\/em>On trace<em> (album + sc\u00e8ne + site + vid\u00e9o : voil\u00e0 le projet !), il poursuit son \u0153uvre dans un esprit rock. \u00c7a sonne pour tout le monde, l'oreille est prise par la main, et rien n'est l\u00e2ch\u00e9 du projet initial d'exp\u00e9rience sur la langue. La po\u00e9sie pour tous ? Il y a de \u00e7a, dans <\/em>On trace<em>. \u00c7a claque toujours, \u00e7a aide \u00e0 tenir. <\/em>On trace<em>, tout un programme : laisser une trace, garder une trace, partir, courir, voir ailleurs, \u00e9crire, maintenir un sillon. C'est fou ce qu'on peut trouver dans seulement deux mots. \u00bb<\/em><\/p>\n<p>Thomas Baumgartner<br \/>\n<span style=\"color: #808080;\"><a href=\"http:\/\/www.franceculture.fr\/emission-supersonic-le-corps-parle-fred-griot-et-le-trio-parl-le-bionic-orchestra-2-0-d-ezra-2015-12\" target=\"_blank\" rel=\"noopener\">France Culture - \u00e9mission Supersonic<\/a><\/span><em><br \/>\n<\/em><\/p>\n<hr \/>\n<p><em>\u00ab Merci. C'est beau...! Super beau. Nous le passerons sur la radio.<\/em><br \/>\n<em>\u00c7a fait du bien de la po\u00e9sie dans ce monde de brut. \u00bb<\/em><\/p>\n<p>Thomas Sibille<br \/>\nRadio Fond-de-France<\/p>\n<hr \/>\n<p><em>\u00ab Bien ce CD, tr\u00e8s bien. \u00c7a donne du jus pour le boulot d'atelier. Et la vie, le boulot suivent leur cours. On trace, n'est-ce pas\u2026 \u00bb<\/em><\/p>\n<p>Armand Dupuy<\/p>\n<hr \/>\n<p><em>\u00ab On est l\u00e0, que \u00e7a, palpitants, sous les nuages...<\/em><br \/>\n<em>C'est tr\u00e8s beau, \u00e9couter \u00e7a ce soir, \u00e7a fait de <\/em>l'avec<em>, \u00e7a lie les lignes, \u00e7a fait aller...<\/em><br \/>\n<em>Merci ! \u00bb<\/em><\/p>\n<p>Nathalie Michel<\/p>\n<hr \/>\n<p><em>\u00ab Votre musique, l\u00e0 tous ensemble, elle d\u00e9tonne ! dans \"ce monde mou o\u00f9 rien ne tient quand on le pose\"...( Manset ) \u00e7a fait du bien, une m\u00e9decine, votre musique me lave. merci. \u00bb<\/em><\/p>\n<p>Morjane Kjack<\/p>\n<hr \/>\n<p><em>\u00ab Excellent. A \u00e9couter encore et encore. \u00bb<\/em><\/p>\n<p>Julien Boutonnier<\/p>\n<hr \/>\n<p><em>\u00ab Dans le casque \"on trace\" de Fred Griot &amp; cie... et c'est tr\u00e8s tr\u00e8s puissant \u2013 et puis la retenue des mots \u2013 et puis la voix \u2013 et puis l\u2019instru. \u00bb<\/em><\/p>\n<p>Seb M\u00e9nard<\/p>\n<hr \/>\n<p><em>\u00ab Oui c'est superbe !! \u00bb<\/em><\/p>\n<p>Annelyse Taupiac<\/p>\n<hr \/>\n<p><em>\u00ab Fred Griot po\u00e8te, musicien, artiste, d\u00e9nonciateur ; les mots sont pes\u00e9s, la musique parle tout autant que les images. \u00c7a fait du bien d'entendre, de voir et de sentir \u00e0 l'int\u00e9rieur de soi la sensation qu'une \u0153uvre nous rejoint au plus profond de soi. Merci. \u00bb<\/em><\/p>\n<p>Liliane M.<\/p>\n<hr \/>\n<p><em>\u00ab Cet enregistrement est magnifique...le texte m'a profond\u00e9ment touch\u00e9.<br \/>\nParticuli\u00e8rement le passage o\u00f9 est si bien dit cet \"assoupissement\" que l'\u00e2ge apporte, ce temps o\u00f9 les temp\u00eates du d\u00e9sir, de la volont\u00e9 de s\u00e9duire, de la volont\u00e9 de puissance tout simplement, cet <\/em>eros<em> qui est aussi l'origine et la perp\u00e9tuation de <\/em>la vie<em>, c\u00e8dent \u00e0 la sagesse du consentement... les po\u00e9tiques assonances des mots choisis pour le dire finissent pas le rendre aimable : \"sous les nuages nos vieilles carcasses passantes. nos vieilles carcasses sereines traversent l\u2019espace, sereines... \u00bb<\/em><\/p>\n<p>Pierre D.<\/p>\n<hr \/>\n<p><em>\u00ab Une claque ! Comme rarement. Cette impression de partager une conception de la cr\u00e9ation, un langage commun. Cette impression de d\u00e9couvrir un artiste semblable. Un espoir. \u00bb<\/em><\/p>\n<p>Fred S.<\/p>\n<hr \/>\n<p>Merci \u00e0 tous !<\/p>\n<p>&nbsp;<\/p>\n<p>&nbsp;<\/p>\n<p>&nbsp;<\/p>\n<p>&nbsp;<\/p>\n","protected":false},"excerpt":{"rendered":"<p class=\"continue-reading-button\"> <a class=\"continue-reading-link\" href=\"https:\/\/www.fgriot.net\/ontrace\/temoignages\/\"><i class=\"crycon-right-dir\"><\/i><\/a><\/p>\n","protected":false},"author":2,"featured_media":0,"parent":0,"menu_order":0,"comment_status":"closed","ping_status":"closed","template":"","meta":{"footnotes":""},"class_list":["post-692","page","type-page","status-publish","hentry"],"_links":{"self":[{"href":"https:\/\/www.fgriot.net\/ontrace\/wp-json\/wp\/v2\/pages\/692"}],"collection":[{"href":"https:\/\/www.fgriot.net\/ontrace\/wp-json\/wp\/v2\/pages"}],"about":[{"href":"https:\/\/www.fgriot.net\/ontrace\/wp-json\/wp\/v2\/types\/page"}],"author":[{"embeddable":true,"href":"https:\/\/www.fgriot.net\/ontrace\/wp-json\/wp\/v2\/users\/2"}],"replies":[{"embeddable":true,"href":"https:\/\/www.fgriot.net\/ontrace\/wp-json\/wp\/v2\/comments?post=692"}],"version-history":[{"count":28,"href":"https:\/\/www.fgriot.net\/ontrace\/wp-json\/wp\/v2\/pages\/692\/revisions"}],"predecessor-version":[{"id":1052,"href":"https:\/\/www.fgriot.net\/ontrace\/wp-json\/wp\/v2\/pages\/692\/revisions\/1052"}],"wp:attachment":[{"href":"https:\/\/www.fgriot.net\/ontrace\/wp-json\/wp\/v2\/media?parent=692"}],"curies":[{"name":"wp","href":"https:\/\/api.w.org\/{rel}","templated":true}]}}