{"id":1034,"date":"2024-08-21T20:36:23","date_gmt":"2024-08-21T20:36:23","guid":{"rendered":"https:\/\/www.fgriot.net\/ontrace\/?page_id=1034"},"modified":"2024-08-21T20:43:46","modified_gmt":"2024-08-21T20:43:46","slug":"lequipe","status":"publish","type":"page","link":"https:\/\/www.fgriot.net\/ontrace\/lequipe\/","title":{"rendered":"l'\u00e9quipe"},"content":{"rendered":"<p><a href=\"https:\/\/www.fgriot.net\/ontrace\/wp-content\/uploads\/2015\/11\/Z7A4821.jpg\"><img loading=\"lazy\" decoding=\"async\" class=\"alignnone wp-image-681\" src=\"https:\/\/www.fgriot.net\/ontrace\/wp-content\/uploads\/2015\/11\/Z7A4821-300x200.jpg\" alt=\"\" width=\"586\" height=\"390\" srcset=\"https:\/\/www.fgriot.net\/ontrace\/wp-content\/uploads\/2015\/11\/Z7A4821-300x200.jpg 300w, https:\/\/www.fgriot.net\/ontrace\/wp-content\/uploads\/2015\/11\/Z7A4821.jpg 900w\" sizes=\"(max-width: 586px) 100vw, 586px\" \/><\/a><\/p>\n<p><strong><br \/>\nFred Griot<\/strong><br \/>\n<em>(textes, voix, production)<\/em><strong><br \/>\n<a href=\"https:\/\/www.fgriot.net\/ontrace\/wp-content\/uploads\/2015\/07\/IMG_7244.jpg\"><img loading=\"lazy\" decoding=\"async\" class=\" wp-image-437 alignnone\" src=\"https:\/\/www.fgriot.net\/ontrace\/wp-content\/uploads\/2015\/07\/IMG_7244.jpg\" alt=\"IMG_7244\" width=\"450\" height=\"337\" srcset=\"https:\/\/www.fgriot.net\/ontrace\/wp-content\/uploads\/2015\/07\/IMG_7244.jpg 960w, https:\/\/www.fgriot.net\/ontrace\/wp-content\/uploads\/2015\/07\/IMG_7244-300x225.jpg 300w\" sizes=\"(max-width: 450px) 100vw, 450px\" \/><\/a><br \/>\n<\/strong>en plus de son travail premier d'\u00e9criture et une quinzaine de livres \u00e9dit\u00e9s (po\u00e9sie, r\u00e9cit, journal) ainsi que de nombreux projets mis en sc\u00e8ne sur le web, il a donn\u00e9 de nombreuses lectures solo et concerts en trio, dans une dizaine de pays... dont diverses collaborations \u00e9ditoriales, sc\u00e9niques et musicales : en particulier avec Fran\u00e7ois Bon, Laurence Vielle, Denis Charolles, Pierre Nadaud, Yan Allegret, Thierry Balasse\u2026<br \/>\n&gt; <a href=\"http:\/\/www.fgriot.net\/infos\/bio.php\" target=\"_blank\" rel=\"noopener\">bio et site<\/a><\/p>\n<p><strong><br \/>\nEric Groleau<br \/>\n<\/strong><em>(composition, batterie)<\/em><br \/>\n<a href=\"https:\/\/www.fgriot.net\/ontrace\/wp-content\/uploads\/2015\/07\/IMG_6964.jpg\"><img loading=\"lazy\" decoding=\"async\" class=\" wp-image-397\" src=\"https:\/\/www.fgriot.net\/ontrace\/wp-content\/uploads\/2015\/07\/IMG_6964.jpg\" alt=\"photograph photography photo photographie figure a\" width=\"450\" height=\"338\" srcset=\"https:\/\/www.fgriot.net\/ontrace\/wp-content\/uploads\/2015\/07\/IMG_6964.jpg 1000w, https:\/\/www.fgriot.net\/ontrace\/wp-content\/uploads\/2015\/07\/IMG_6964-300x225.jpg 300w\" sizes=\"(max-width: 450px) 100vw, 450px\" \/><\/a><br \/>\nmembre de nombreuses formations, il s'est produit entre autres avec Louis Sclavis, Ibrahim Maalouf, Dominique Pifar\u00e9ly, Sylvain Kassap, Tim Bern, Marc Ducret, M\u00e9d\u00e9ric Collignon, Vincent Courtois, Thierry Balasse, G!rafe\u2026<br \/>\n&gt; <a href=\"http:\/\/www.fgriot.net\/pros\/parl\/Groleau\/Eric%20Groleau%20bio.pdf\" target=\"_blank\" rel=\"noopener\">bio<\/a><\/p>\n<p><strong><br \/>\nDani Bouillard<\/strong><br \/>\n<em>(composition, guitare)<\/em><br \/>\n<a href=\"https:\/\/www.fgriot.net\/ontrace\/wp-content\/uploads\/2015\/07\/IMG_6939.jpg\"><img loading=\"lazy\" decoding=\"async\" class=\" wp-image-396\" src=\"https:\/\/www.fgriot.net\/ontrace\/wp-content\/uploads\/2015\/07\/IMG_6939.jpg\" alt=\"photograph photography photo photographie figure a\" width=\"450\" height=\"325\" \/><\/a><br \/>\ntout d'abord chanteur et guitariste, d\u00e9veloppant sa propre voix avec deux albums... il a collabor\u00e9 \u00e9galement avec G\u00e9rard Blanchard, Sanseverino, The D\u00f8, Lo\u00efc Lantoine, Marc Ducret, Dominique Pifarely, Denis Colin, Les Sea-Girls, Zed Van Traumat\u2026<br \/>\n&gt; <a href=\"http:\/\/www.danibouillard.com\/#!alaguitare\/c1t44\" target=\"_blank\" rel=\"noopener\">bio et site<\/a><strong><br \/>\n<\/strong><\/p>\n<p><strong><br \/>\nMatthieu Metzger<\/strong><br \/>\n<em>(enregistrement, mixage, mastering)<\/em><br \/>\n<a href=\"https:\/\/www.fgriot.net\/ontrace\/wp-content\/uploads\/2015\/07\/IMG_7406.jpg\"><img loading=\"lazy\" decoding=\"async\" class=\" wp-image-388\" src=\"https:\/\/www.fgriot.net\/ontrace\/wp-content\/uploads\/2015\/07\/IMG_7406.jpg\" alt=\"photograph photography photo photographie figure a\" width=\"450\" height=\"337\" srcset=\"https:\/\/www.fgriot.net\/ontrace\/wp-content\/uploads\/2015\/07\/IMG_7406.jpg 1000w, https:\/\/www.fgriot.net\/ontrace\/wp-content\/uploads\/2015\/07\/IMG_7406-300x225.jpg 300w\" sizes=\"(max-width: 450px) 100vw, 450px\" \/><\/a><br \/>\nc'est en autodidacte qu'il s'est form\u00e9 \u00e0 la lutherie \u00e9lectronique, l'acoustique, l'enregistrement, r\u00e9alisant notamment les cinq albums d'Anthurus d'Archer, ceux de Rhizottome, ses productions en tant que leader ou les six disques Tower de Marc Ducret.<br \/>\nen tant que saxophoniste, il int\u00e8gre le quintet de Louis Sclavis puis l'Orchestre National de Jazz.<br \/>\nd'autres collaborations voient ensuite le jour avec de nombreuses formations. il se produit en solo, en duo dans Rhizottome, avec John Hollenbeck, dans Killing Spree, avec Kino-Sounds, XXO, Urban Mood\u2026<br \/>\n&gt; <a href=\"http:\/\/systole.fr\/mmtz\/bio.html\" target=\"_blank\" rel=\"noopener\">bio et site<\/a><\/p>\n<p><strong><br \/>\nThomas Deschamps<\/strong><br \/>\n<em>(photos, vid\u00e9os)<\/em><br \/>\n<strong><a href=\"https:\/\/www.fgriot.net\/ontrace\/wp-content\/uploads\/2014\/11\/thomas_deschamps_autoportrait_DSC4013.jpg\"><img loading=\"lazy\" decoding=\"async\" class=\" wp-image-272 alignnone\" src=\"https:\/\/www.fgriot.net\/ontrace\/wp-content\/uploads\/2014\/11\/thomas_deschamps_autoportrait_DSC4013.jpg\" alt=\"thomas_deschamps_autoportrait_DSC4013\" width=\"239\" height=\"291\" srcset=\"https:\/\/www.fgriot.net\/ontrace\/wp-content\/uploads\/2014\/11\/thomas_deschamps_autoportrait_DSC4013.jpg 1996w, https:\/\/www.fgriot.net\/ontrace\/wp-content\/uploads\/2014\/11\/thomas_deschamps_autoportrait_DSC4013-246x300.jpg 246w, https:\/\/www.fgriot.net\/ontrace\/wp-content\/uploads\/2014\/11\/thomas_deschamps_autoportrait_DSC4013-838x1024.jpg 838w\" sizes=\"(max-width: 239px) 100vw, 239px\" \/><\/a><\/strong><br \/>\nphotographe, il d\u00e9veloppe un travail personnel de photographie discret, exigeant, pr\u00e9cis, rompu au jeu du noir... et collabore parall\u00e8lement avec quelques grandes marques de luxe de par le monde.<br \/>\n&gt; <a href=\"https:\/\/www.instagram.com\/thomas_deschamps_photographe\/\" target=\"_blank\" rel=\"noopener\">site<\/a><\/p>\n<h3><\/h3>\n<h3>et puis<\/h3>\n<p><a href=\"https:\/\/www.fgriot.net\/ontrace\/wp-content\/uploads\/2015\/07\/IMG_6998.jpg\"><img loading=\"lazy\" decoding=\"async\" class=\" wp-image-398\" src=\"https:\/\/www.fgriot.net\/ontrace\/wp-content\/uploads\/2015\/07\/IMG_6998.jpg\" alt=\"photograph photography photo photographie figure a\" width=\"450\" height=\"337\" srcset=\"https:\/\/www.fgriot.net\/ontrace\/wp-content\/uploads\/2015\/07\/IMG_6998.jpg 1000w, https:\/\/www.fgriot.net\/ontrace\/wp-content\/uploads\/2015\/07\/IMG_6998-300x225.jpg 300w\" sizes=\"(max-width: 450px) 100vw, 450px\" \/><\/a><\/p>\n<p><em>textes<\/em> : Fred Griot<br \/>\n<em>compositions<\/em> : Dani Bouillard (1, 4, 6, 7, 8), Dani Bouillard et \u00c9ric Groleau (2, 3, 5)<br \/>\n<em>enregistrement<\/em> : au studio des r\u00e9sistants (Poitiers) en juin - juillet 2015<br \/>\n<em>graphisme, web<\/em> : <a href=\"http:\/\/roxane.chapalpanoz.com\/\" target=\"_blank\" rel=\"noopener\">Roxane Lecomte<\/a> et Fred Griot<br \/>\n<em>sc\u00e9nographie, lumi\u00e8res<\/em> : Sophie Magnaud, Elisa Millot<br \/>\n<em>r\u00e9gie son sur sc\u00e8ne<\/em> : Beno\u00eet Meurant<br \/>\n<em>production<\/em> : Fred Griot<\/p>\n<h3>merci...<\/h3>\n<p>aux \"early birds\" qui ont soutenu notre projet, financ\u00e9 pour une partie par le crowfounding,<br \/>\nen particulier Claire et Dominique Belargent, Catherine et Bruno Champetier, Sophie Magnaud, Sylvie Griot, Dominique Marozeau, Rapha\u00ebl Marozeau.<\/p>\n<p>&nbsp;<\/p>\n<h3><strong><a href=\"https:\/\/www.fgriot.net\/ontrace\/wp-content\/uploads\/2014\/11\/482704_164966840291042_1915326354_n.jpg\"><img loading=\"lazy\" decoding=\"async\" class=\" wp-image-144 alignnone\" src=\"https:\/\/www.fgriot.net\/ontrace\/wp-content\/uploads\/2014\/11\/482704_164966840291042_1915326354_n.jpg\" alt=\"482704_164966840291042_1915326354_n\" width=\"450\" height=\"450\" srcset=\"https:\/\/www.fgriot.net\/ontrace\/wp-content\/uploads\/2014\/11\/482704_164966840291042_1915326354_n.jpg 960w, https:\/\/www.fgriot.net\/ontrace\/wp-content\/uploads\/2014\/11\/482704_164966840291042_1915326354_n-150x150.jpg 150w, https:\/\/www.fgriot.net\/ontrace\/wp-content\/uploads\/2014\/11\/482704_164966840291042_1915326354_n-300x300.jpg 300w\" sizes=\"(max-width: 450px) 100vw, 450px\" \/><\/a><\/strong><\/h3>\n<h3><a href=\"https:\/\/www.fgriot.net\/ontrace\/wp-content\/uploads\/2015\/02\/480442_164969810290745_1842421823_n_retouche.jpg\"><img loading=\"lazy\" decoding=\"async\" class=\" wp-image-286 alignnone\" src=\"https:\/\/www.fgriot.net\/ontrace\/wp-content\/uploads\/2015\/02\/480442_164969810290745_1842421823_n_retouche.jpg\" alt=\"480442_164969810290745_1842421823_n_retouche\" width=\"450\" height=\"451\" srcset=\"https:\/\/www.fgriot.net\/ontrace\/wp-content\/uploads\/2015\/02\/480442_164969810290745_1842421823_n_retouche.jpg 763w, https:\/\/www.fgriot.net\/ontrace\/wp-content\/uploads\/2015\/02\/480442_164969810290745_1842421823_n_retouche-150x150.jpg 150w, https:\/\/www.fgriot.net\/ontrace\/wp-content\/uploads\/2015\/02\/480442_164969810290745_1842421823_n_retouche-300x300.jpg 300w\" sizes=\"(max-width: 450px) 100vw, 450px\" \/><\/a><\/h3>\n","protected":false},"excerpt":{"rendered":"<p class=\"continue-reading-button\"> <a class=\"continue-reading-link\" href=\"https:\/\/www.fgriot.net\/ontrace\/lequipe\/\"><i class=\"crycon-right-dir\"><\/i><\/a><\/p>\n","protected":false},"author":2,"featured_media":681,"parent":0,"menu_order":0,"comment_status":"closed","ping_status":"closed","template":"","meta":{"footnotes":""},"class_list":["post-1034","page","type-page","status-publish","has-post-thumbnail","hentry"],"_links":{"self":[{"href":"https:\/\/www.fgriot.net\/ontrace\/wp-json\/wp\/v2\/pages\/1034"}],"collection":[{"href":"https:\/\/www.fgriot.net\/ontrace\/wp-json\/wp\/v2\/pages"}],"about":[{"href":"https:\/\/www.fgriot.net\/ontrace\/wp-json\/wp\/v2\/types\/page"}],"author":[{"embeddable":true,"href":"https:\/\/www.fgriot.net\/ontrace\/wp-json\/wp\/v2\/users\/2"}],"replies":[{"embeddable":true,"href":"https:\/\/www.fgriot.net\/ontrace\/wp-json\/wp\/v2\/comments?post=1034"}],"version-history":[{"count":1,"href":"https:\/\/www.fgriot.net\/ontrace\/wp-json\/wp\/v2\/pages\/1034\/revisions"}],"predecessor-version":[{"id":1035,"href":"https:\/\/www.fgriot.net\/ontrace\/wp-json\/wp\/v2\/pages\/1034\/revisions\/1035"}],"wp:featuredmedia":[{"embeddable":true,"href":"https:\/\/www.fgriot.net\/ontrace\/wp-json\/wp\/v2\/media\/681"}],"wp:attachment":[{"href":"https:\/\/www.fgriot.net\/ontrace\/wp-json\/wp\/v2\/media?parent=1034"}],"curies":[{"name":"wp","href":"https:\/\/api.w.org\/{rel}","templated":true}]}}